{"id":718,"date":"2019-03-27T07:39:31","date_gmt":"2019-03-27T07:39:31","guid":{"rendered":"https:\/\/so-mepso.mk\/per-ne\/"},"modified":"2019-03-27T07:39:32","modified_gmt":"2019-03-27T07:39:32","slug":"per-ne","status":"publish","type":"page","link":"https:\/\/so-mepso.mk\/sq\/per-ne\/","title":{"rendered":"P\u00ebr ne"},"content":{"rendered":"\t\t<div data-elementor-type=\"wp-post\" data-elementor-id=\"718\" class=\"elementor elementor-718 elementor-bc-flex-widget\" data-elementor-post-type=\"page\">\n\t\t\t\t\t\t<section class=\"elementor-section elementor-top-section elementor-element elementor-element-5bb6883 elementor-section-boxed elementor-section-height-default elementor-section-height-default\" data-id=\"5bb6883\" data-element_type=\"section\" data-e-type=\"section\">\n\t\t\t\t\t\t<div class=\"elementor-container elementor-column-gap-default\">\n\t\t\t\t\t<div class=\"elementor-column elementor-col-100 elementor-top-column elementor-element elementor-element-6c92adb\" data-id=\"6c92adb\" data-element_type=\"column\" data-e-type=\"column\">\n\t\t\t<div class=\"elementor-widget-wrap elementor-element-populated\">\n\t\t\t\t\t\t<div class=\"elementor-element elementor-element-d01f01c elementor-widget elementor-widget-text-editor\" data-id=\"d01f01c\" data-element_type=\"widget\" data-e-type=\"widget\" data-widget_type=\"text-editor.default\">\n\t\t\t\t<div class=\"elementor-widget-container\">\n\t\t\t\t\t\t\t\t\t<p>Organizata Sindikale e MEPSO &#8211; Shkup, me em\u00ebr t\u00eb shkurt\u00ebr OS e MEPSO, me seli n\u00eb rr: Maksim Gorki nr. 4 &#8211; Shkup, \u00ebsht\u00eb themeluar n\u00eb p\u00ebrputhje me flet\u00ebparaqitjen me dat\u00eb 28.09.2018 dhe miratimin e regjistrimit m\u00eb 01.10.2018 nga Regjistri Qendror i RM, me num\u00ebr t\u00eb protokolit 30120180015448. Nga Ministria p\u00ebr pun\u00eb dhe politik\u00eb sociale \u00ebsht\u00eb fituar P\u00ebrfaq\u00ebsi me Vendimin nr. 08-5437\/5 nga data 03.08.2018.<\/p>\n<p> Organizata Sindikale e MEPSO \u00ebsht\u00eb organizat\u00eb e pavarur Sindikale e cila lufton p\u00ebr avansimin dhe mbrojtjen e pun\u00ebtor\u00ebve, realizimin dhe mbrojtjen e t\u00eb drejtave ekonomike, kulturore dhe t\u00eb drejtave dhe interesave tjera t\u00eb an\u00ebtar\u00ebve t\u00eb vet. <\/p>\n<p>Organizata Sindikale mund t\u00eb shoq\u00ebrohet dhe bashk\u00ebpunoj\u00eb me organizata sindikale nd\u00ebrkomb\u00ebtare, sindikata t\u00eb cilat jan\u00eb formuar p\u00ebr realizimin e t\u00eb drejtave dhe interesave t\u00eb pun\u00ebtor\u00ebve.<\/p>\n<p>Organizata Sindikale vepron n\u00eb territorin e Republik\u00ebs s\u00eb Maqedonis\u00eb dhe puna e saj \u00ebsht\u00eb transparente dhe publike. <\/p>\n<p>N\u00eb p\u00ebrfaq\u00ebsimin dhe mbrojtjen e interesave, organizata Sindikale e MEPSO bazohet vet\u00ebm nga vullneti i t\u00eb antarsuarve, aktiviteti i s\u00eb cil\u00ebs publikohet n\u00eb Programin p\u00ebr pun\u00eb, duke e publikuar n\u00eb k\u00ebt\u00eb statut.<\/p>\n<p>Organizata Sindikale n\u00eb nd\u00ebrtimin e q\u00ebndrimeve dhe realizimin e t\u00eb arriturave t\u00eb veta \u00ebsht\u00eb organizat\u00eb e pavarur dhe e m\u00ebvet\u00ebsishme n\u00eb raport me organe dhe institucione shtet\u00ebrore, parti politike dhe organe drejtuese, organe pun\u00ebdh\u00ebn\u00ebse n\u00eb shoqat\u00eb, organizata fetare dhe organizata t\u00eb tjera dhe \u00ebsht\u00eb partner bart\u00ebs i cili n\u00ebp\u00ebrmjet negociatave dhe mbikqyrjes i p\u00ebrfaq\u00ebson interesat e an\u00ebtar\u00ebve t\u00eb vet. <\/p>\n<p>Organizata Sindikale merr pjes\u00eb n\u00eb sjelljen e vendimeve dhe q\u00ebndrimeve n\u00eb shoqatat dhe asociacionin n\u00eb t\u00eb cilat \u00ebsht\u00eb an\u00ebtare: <\/p>\n<p>Organizata Sindikale vullnetarisht shoq\u00ebrohet ose largohet nga shoqata dhe asociacione brenda Republik\u00ebs s\u00eb Maqedonis\u00eb s\u00eb Veriut dhe m\u00eb gjer\u00eb. <\/p>\n<p>OS e MEPSO veprimin e bazon n\u00eb parimet vijuese:<\/p>\n<ul>\n<li>Vullnetariz\u00ebm n\u00eb an\u00ebtar\u00ebsim; <\/li>\n<li>Liri n\u00eb shprehje dhe vendimmarrje; <\/li>\n<li>Reciprocitet dhe solidaritet; <\/li>\n<li>T\u00eb drejta dhe p\u00ebrgjegj\u00ebsi t\u00eb an\u00ebtar\u00ebve dhe organeve t\u00eb OS t\u00eb MEPSO; <\/li>\n<li>Transparenc\u00eb n\u00eb informim. <\/li>\n<\/ul>\n<p>An\u00ebtar\u00ebsimi n\u00eb organizat\u00ebn Sindikale t\u00eb MEPSO \u00ebsht\u00eb vullnetar, me vullnet t\u00eb lir\u00eb t\u00eb shprehur dhe n\u00ebnshkrim t\u00eb flet\u00ebaderimit p\u00ebr an\u00ebtar\u00ebsim. <\/p>\n\t\t\t\t\t\t\t\t<\/div>\n\t\t\t\t<\/div>\n\t\t\t\t\t<\/div>\n\t\t<\/div>\n\t\t\t\t\t<\/div>\n\t\t<\/section>\n\t\t\t\t<\/div>\n\t\t","protected":false},"excerpt":{"rendered":"<p>Organizata Sindikale e MEPSO &#8211; Shkup, me em\u00ebr t\u00eb shkurt\u00ebr OS e MEPSO, me seli n\u00eb rr: Maksim Gorki nr. 4 &#8211; Shkup, \u00ebsht\u00eb themeluar n\u00eb p\u00ebrputhje me flet\u00ebparaqitjen me dat\u00eb 28.09.2018 dhe miratimin e regjistrimit m\u00eb 01.10.2018 nga Regjistri Qendror i RM, me num\u00ebr t\u00eb protokolit 30120180015448. Nga Ministria p\u00ebr pun\u00eb dhe politik\u00eb sociale &hellip; <\/p>\n<p class=\"link-more\"><a href=\"https:\/\/so-mepso.mk\/sq\/per-ne\/\" class=\"more-link\">Continue reading<span class=\"screen-reader-text\"> &#8220;P\u00ebr ne&#8221;<\/span><\/a><\/p>\n","protected":false},"author":1,"featured_media":0,"parent":0,"menu_order":0,"comment_status":"closed","ping_status":"closed","template":"elementor_header_footer","meta":{"_exactmetrics_skip_tracking":false,"_exactmetrics_sitenote_active":false,"_exactmetrics_sitenote_note":"","_exactmetrics_sitenote_category":0,"footnotes":""},"class_list":["post-718","page","type-page","status-publish","hentry"],"_links":{"self":[{"href":"https:\/\/so-mepso.mk\/sq\/wp-json\/wp\/v2\/pages\/718\/"}],"collection":[{"href":"https:\/\/so-mepso.mk\/sq\/wp-json\/wp\/v2\/pages\/"}],"about":[{"href":"https:\/\/so-mepso.mk\/sq\/wp-json\/wp\/v2\/types\/page\/"}],"author":[{"embeddable":true,"href":"https:\/\/so-mepso.mk\/sq\/wp-json\/wp\/v2\/users\/1\/"}],"replies":[{"embeddable":true,"href":"https:\/\/so-mepso.mk\/sq\/wp-json\/wp\/v2\/comments\/?post=718"}],"version-history":[{"count":0,"href":"https:\/\/so-mepso.mk\/sq\/wp-json\/wp\/v2\/pages\/718\/revisions\/"}],"wp:attachment":[{"href":"https:\/\/so-mepso.mk\/sq\/wp-json\/wp\/v2\/media\/?parent=718"}],"curies":[{"name":"wp","href":"https:\/\/api.w.org\/{rel}","templated":true}]}}