{"id":724,"date":"2019-03-27T07:49:40","date_gmt":"2019-03-27T07:49:40","guid":{"rendered":"https:\/\/so-mepso.mk\/organet\/keshilli-mbikqyres\/"},"modified":"2021-06-14T12:41:54","modified_gmt":"2021-06-14T12:41:54","slug":"keshilli-mbikqyres","status":"publish","type":"page","link":"https:\/\/so-mepso.mk\/sq\/organet\/keshilli-mbikqyres\/","title":{"rendered":"K\u00ebshilli Ekzekutiv"},"content":{"rendered":"\t\t<div data-elementor-type=\"wp-post\" data-elementor-id=\"724\" class=\"elementor elementor-724\" data-elementor-post-type=\"page\">\n\t\t\t\t\t\t<section class=\"elementor-section elementor-top-section elementor-element elementor-element-3084051e elementor-section-boxed elementor-section-height-default elementor-section-height-default\" data-id=\"3084051e\" data-element_type=\"section\" data-e-type=\"section\">\n\t\t\t\t\t\t<div class=\"elementor-container elementor-column-gap-default\">\n\t\t\t\t\t<div class=\"elementor-column elementor-col-100 elementor-top-column elementor-element elementor-element-50ddfb6d\" data-id=\"50ddfb6d\" data-element_type=\"column\" data-e-type=\"column\">\n\t\t\t<div class=\"elementor-widget-wrap elementor-element-populated\">\n\t\t\t\t\t\t<div class=\"elementor-element elementor-element-fd1b07e elementor-widget elementor-widget-heading\" data-id=\"fd1b07e\" data-element_type=\"widget\" data-e-type=\"widget\" data-widget_type=\"heading.default\">\n\t\t\t\t<div class=\"elementor-widget-container\">\n\t\t\t\t\t<h2 class=\"elementor-heading-title elementor-size-default\">An\u00ebtar\u00ebt e K\u00ebshillit Ekzekutiv t\u00eb organizat\u00ebs Sindikale t\u00eb MEPSO<\/h2>\t\t\t\t<\/div>\n\t\t\t\t<\/div>\n\t\t\t\t\t<\/div>\n\t\t<\/div>\n\t\t\t\t\t<\/div>\n\t\t<\/section>\n\t\t\t\t<\/div>\n\t\t","protected":false},"excerpt":{"rendered":"<p>An\u00ebtar\u00ebt e K\u00ebshillit Ekzekutiv t\u00eb organizat\u00ebs Sindikale t\u00eb MEPSO<\/p>\n","protected":false},"author":1,"featured_media":0,"parent":722,"menu_order":0,"comment_status":"closed","ping_status":"closed","template":"elementor_header_footer","meta":{"_exactmetrics_skip_tracking":false,"_exactmetrics_sitenote_active":false,"_exactmetrics_sitenote_note":"","_exactmetrics_sitenote_category":0,"footnotes":""},"class_list":["post-724","page","type-page","status-publish","hentry"],"_links":{"self":[{"href":"https:\/\/so-mepso.mk\/sq\/wp-json\/wp\/v2\/pages\/724\/"}],"collection":[{"href":"https:\/\/so-mepso.mk\/sq\/wp-json\/wp\/v2\/pages\/"}],"about":[{"href":"https:\/\/so-mepso.mk\/sq\/wp-json\/wp\/v2\/types\/page\/"}],"author":[{"embeddable":true,"href":"https:\/\/so-mepso.mk\/sq\/wp-json\/wp\/v2\/users\/1\/"}],"replies":[{"embeddable":true,"href":"https:\/\/so-mepso.mk\/sq\/wp-json\/wp\/v2\/comments\/?post=724"}],"version-history":[{"count":0,"href":"https:\/\/so-mepso.mk\/sq\/wp-json\/wp\/v2\/pages\/724\/revisions\/"}],"up":[{"embeddable":true,"href":"https:\/\/so-mepso.mk\/sq\/wp-json\/wp\/v2\/pages\/722\/"}],"wp:attachment":[{"href":"https:\/\/so-mepso.mk\/sq\/wp-json\/wp\/v2\/media\/?parent=724"}],"curies":[{"name":"wp","href":"https:\/\/api.w.org\/{rel}","templated":true}]}}