{"id":728,"date":"2019-03-27T07:56:28","date_gmt":"2019-03-27T07:56:28","guid":{"rendered":"https:\/\/so-mepso.mk\/organet\/keshilli-mbikqyres-2\/"},"modified":"2019-03-27T07:56:29","modified_gmt":"2019-03-27T07:56:29","slug":"keshilli-mbikqyres-2","status":"publish","type":"page","link":"https:\/\/so-mepso.mk\/sq\/organet\/keshilli-mbikqyres-2\/","title":{"rendered":"K\u00ebshilli Mbikqyr\u00ebs"},"content":{"rendered":"\t\t<div data-elementor-type=\"wp-post\" data-elementor-id=\"728\" class=\"elementor elementor-728 elementor-bc-flex-widget\" data-elementor-post-type=\"page\">\n\t\t\t\t\t\t<section class=\"elementor-section elementor-top-section elementor-element elementor-element-282b29a elementor-section-boxed elementor-section-height-default elementor-section-height-default\" data-id=\"282b29a\" data-element_type=\"section\" data-e-type=\"section\">\n\t\t\t\t\t\t<div class=\"elementor-container elementor-column-gap-default\">\n\t\t\t\t\t<div class=\"elementor-column elementor-col-100 elementor-top-column elementor-element elementor-element-d92c561\" data-id=\"d92c561\" data-element_type=\"column\" data-e-type=\"column\">\n\t\t\t<div class=\"elementor-widget-wrap elementor-element-populated\">\n\t\t\t\t\t\t<div class=\"elementor-element elementor-element-8a8828b elementor-widget elementor-widget-heading\" data-id=\"8a8828b\" data-element_type=\"widget\" data-e-type=\"widget\" data-widget_type=\"heading.default\">\n\t\t\t\t<div class=\"elementor-widget-container\">\n\t\t\t\t\t<h2 class=\"elementor-heading-title elementor-size-default\">An\u00ebtar\u00ebt e k\u00ebshillit Mbikqyr\u00ebs t\u00eb OS t\u00eb MEPSO<\/h2>\t\t\t\t<\/div>\n\t\t\t\t<\/div>\n\t\t\t\t<section class=\"elementor-section elementor-inner-section elementor-element elementor-element-f558fb3 elementor-section-boxed elementor-section-height-default elementor-section-height-default\" data-id=\"f558fb3\" data-element_type=\"section\" data-e-type=\"section\">\n\t\t\t\t\t\t<div class=\"elementor-container elementor-column-gap-default\">\n\t\t\t\t\t<div class=\"elementor-column elementor-col-33 elementor-inner-column elementor-element elementor-element-6c91f80\" data-id=\"6c91f80\" data-element_type=\"column\" data-e-type=\"column\">\n\t\t\t<div class=\"elementor-widget-wrap elementor-element-populated\">\n\t\t\t\t\t\t<div class=\"elementor-element elementor-element-9c44bd8 elementor-position-top elementor-widget elementor-widget-image-box\" data-id=\"9c44bd8\" data-element_type=\"widget\" data-e-type=\"widget\" data-widget_type=\"image-box.default\">\n\t\t\t\t<div class=\"elementor-widget-container\">\n\t\t\t\t\t<div class=\"elementor-image-box-wrapper\"><figure class=\"elementor-image-box-img\"><img fetchpriority=\"high\" decoding=\"async\" width=\"300\" height=\"300\" src=\"https:\/\/so-mepso.mk\/wp-content\/uploads\/2019\/03\/23-300x300.jpg\" class=\"attachment-medium size-medium wp-image-647\" alt=\"\" srcset=\"https:\/\/so-mepso.mk\/wp-content\/uploads\/2019\/03\/23-300x300.jpg 300w, https:\/\/so-mepso.mk\/wp-content\/uploads\/2019\/03\/23-150x150.jpg 150w, https:\/\/so-mepso.mk\/wp-content\/uploads\/2019\/03\/23-100x100.jpg 100w, https:\/\/so-mepso.mk\/wp-content\/uploads\/2019\/03\/23.jpg 640w\" sizes=\"(max-width: 300px) 100vw, 300px\" \/><\/figure><div class=\"elementor-image-box-content\"><h3 class=\"elementor-image-box-title\">Ivan Grigorijeviq<\/h3><p class=\"elementor-image-box-description\">Kryetar<\/p><\/div><\/div>\t\t\t\t<\/div>\n\t\t\t\t<\/div>\n\t\t\t\t\t<\/div>\n\t\t<\/div>\n\t\t\t\t<div class=\"elementor-column elementor-col-33 elementor-inner-column elementor-element elementor-element-5f66e14\" data-id=\"5f66e14\" data-element_type=\"column\" data-e-type=\"column\">\n\t\t\t<div class=\"elementor-widget-wrap elementor-element-populated\">\n\t\t\t\t\t\t<div class=\"elementor-element elementor-element-74ebc12 elementor-position-top elementor-widget elementor-widget-image-box\" data-id=\"74ebc12\" data-element_type=\"widget\" data-e-type=\"widget\" data-widget_type=\"image-box.default\">\n\t\t\t\t<div class=\"elementor-widget-container\">\n\t\t\t\t\t<div class=\"elementor-image-box-wrapper\"><figure class=\"elementor-image-box-img\"><img decoding=\"async\" width=\"300\" height=\"300\" src=\"https:\/\/so-mepso.mk\/wp-content\/uploads\/2019\/03\/generic-w-300x300.jpg\" class=\"attachment-medium size-medium wp-image-649\" alt=\"generic\" srcset=\"https:\/\/so-mepso.mk\/wp-content\/uploads\/2019\/03\/generic-w-300x300.jpg 300w, https:\/\/so-mepso.mk\/wp-content\/uploads\/2019\/03\/generic-w-150x150.jpg 150w, https:\/\/so-mepso.mk\/wp-content\/uploads\/2019\/03\/generic-w-100x100.jpg 100w, https:\/\/so-mepso.mk\/wp-content\/uploads\/2019\/03\/generic-w.jpg 640w\" sizes=\"(max-width: 300px) 100vw, 300px\" \/><\/figure><div class=\"elementor-image-box-content\"><h3 class=\"elementor-image-box-title\">Gordana Andonovska<\/h3><p class=\"elementor-image-box-description\">An\u00ebtare<\/p><\/div><\/div>\t\t\t\t<\/div>\n\t\t\t\t<\/div>\n\t\t\t\t\t<\/div>\n\t\t<\/div>\n\t\t\t\t<div class=\"elementor-column elementor-col-33 elementor-inner-column elementor-element elementor-element-c04f3a8\" data-id=\"c04f3a8\" data-element_type=\"column\" data-e-type=\"column\">\n\t\t\t<div class=\"elementor-widget-wrap elementor-element-populated\">\n\t\t\t\t\t\t<div class=\"elementor-element elementor-element-437001b elementor-position-top elementor-widget elementor-widget-image-box\" data-id=\"437001b\" data-element_type=\"widget\" data-e-type=\"widget\" data-widget_type=\"image-box.default\">\n\t\t\t\t<div class=\"elementor-widget-container\">\n\t\t\t\t\t<div class=\"elementor-image-box-wrapper\"><figure class=\"elementor-image-box-img\"><img decoding=\"async\" width=\"300\" height=\"300\" src=\"https:\/\/so-mepso.mk\/wp-content\/uploads\/2019\/03\/generic-300x300.jpg\" class=\"attachment-medium size-medium wp-image-648\" alt=\"\" srcset=\"https:\/\/so-mepso.mk\/wp-content\/uploads\/2019\/03\/generic-300x300.jpg 300w, https:\/\/so-mepso.mk\/wp-content\/uploads\/2019\/03\/generic-150x150.jpg 150w, https:\/\/so-mepso.mk\/wp-content\/uploads\/2019\/03\/generic-100x100.jpg 100w, https:\/\/so-mepso.mk\/wp-content\/uploads\/2019\/03\/generic.jpg 640w\" sizes=\"(max-width: 300px) 100vw, 300px\" \/><\/figure><div class=\"elementor-image-box-content\"><h3 class=\"elementor-image-box-title\">Mile Dimovski<\/h3><p class=\"elementor-image-box-description\">An\u00ebtar<\/p><\/div><\/div>\t\t\t\t<\/div>\n\t\t\t\t<\/div>\n\t\t\t\t\t<\/div>\n\t\t<\/div>\n\t\t\t\t\t<\/div>\n\t\t<\/section>\n\t\t\t\t\t<\/div>\n\t\t<\/div>\n\t\t\t\t\t<\/div>\n\t\t<\/section>\n\t\t\t\t<\/div>\n\t\t","protected":false},"excerpt":{"rendered":"<p>An\u00ebtar\u00ebt e k\u00ebshillit Mbikqyr\u00ebs t\u00eb OS t\u00eb MEPSO Ivan Grigorijeviq Kryetar Gordana Andonovska An\u00ebtare Mile Dimovski An\u00ebtar<\/p>\n","protected":false},"author":1,"featured_media":0,"parent":722,"menu_order":0,"comment_status":"closed","ping_status":"closed","template":"elementor_header_footer","meta":{"_exactmetrics_skip_tracking":false,"_exactmetrics_sitenote_active":false,"_exactmetrics_sitenote_note":"","_exactmetrics_sitenote_category":0,"footnotes":""},"class_list":["post-728","page","type-page","status-publish","hentry"],"_links":{"self":[{"href":"https:\/\/so-mepso.mk\/sq\/wp-json\/wp\/v2\/pages\/728\/"}],"collection":[{"href":"https:\/\/so-mepso.mk\/sq\/wp-json\/wp\/v2\/pages\/"}],"about":[{"href":"https:\/\/so-mepso.mk\/sq\/wp-json\/wp\/v2\/types\/page\/"}],"author":[{"embeddable":true,"href":"https:\/\/so-mepso.mk\/sq\/wp-json\/wp\/v2\/users\/1\/"}],"replies":[{"embeddable":true,"href":"https:\/\/so-mepso.mk\/sq\/wp-json\/wp\/v2\/comments\/?post=728"}],"version-history":[{"count":0,"href":"https:\/\/so-mepso.mk\/sq\/wp-json\/wp\/v2\/pages\/728\/revisions\/"}],"up":[{"embeddable":true,"href":"https:\/\/so-mepso.mk\/sq\/wp-json\/wp\/v2\/pages\/722\/"}],"wp:attachment":[{"href":"https:\/\/so-mepso.mk\/sq\/wp-json\/wp\/v2\/media\/?parent=728"}],"curies":[{"name":"wp","href":"https:\/\/api.w.org\/{rel}","templated":true}]}}